{"id":7388,"date":"2022-05-16T13:45:07","date_gmt":"2022-05-16T18:45:07","guid":{"rendered":"https:\/\/bolsas-persa.com\/?page_id=7388"},"modified":"2022-10-18T23:16:50","modified_gmt":"2022-10-19T04:16:50","slug":"sobre-nosotros","status":"publish","type":"page","link":"https:\/\/bolsas-persa.com\/en\/sobre-nosotros\/","title":{"rendered":"About Us"},"content":{"rendered":"<p>[et_pb_section fb_built=&#8221;1&#8243; disabled_on=&#8221;on|on|off&#8221; _builder_version=&#8221;4.17.4&#8243; _module_preset=&#8221;default&#8221; custom_padding=&#8221;0px||0px|||&#8221; global_colors_info=&#8221;{}&#8221;][et_pb_row make_equal=&#8221;on&#8221; _builder_version=&#8221;4.17.4&#8243; _module_preset=&#8221;default&#8221; width=&#8221;100%&#8221; max_width=&#8221;2423px&#8221; custom_padding=&#8221;0px||0px|||&#8221; global_colors_info=&#8221;{}&#8221;][et_pb_column type=&#8221;4_4&#8243; _builder_version=&#8221;4.17.4&#8243; _module_preset=&#8221;default&#8221; global_colors_info=&#8221;{}&#8221;][et_pb_slider _builder_version=&#8221;4.18.0&#8243; _module_preset=&#8221;default&#8221; custom_margin_tablet=&#8221;&#8221; custom_margin_phone=&#8221;50px||||false|false&#8221; custom_margin_last_edited=&#8221;on|phone&#8221; global_colors_info=&#8221;{}&#8221;][et_pb_slide heading=&#8221;Sobre nosotros&#8221; _builder_version=&#8221;4.18.0&#8243; _module_preset=&#8221;default&#8221; header_font=&#8221;Times New Roman|600|||||||&#8221; header_text_align=&#8221;left&#8221; header_font_size=&#8221;64px&#8221; background_enable_color=&#8221;off&#8221; background_image=&#8221;https:\/\/bolsas-persa.com\/wp-content\/uploads\/2022\/06\/Baner4-1.png&#8221; background_enable_image=&#8221;on&#8221; header_font_size_tablet=&#8221;64px&#8221; header_font_size_phone=&#8221;40px&#8221; header_font_size_last_edited=&#8221;on|phone&#8221; background_last_edited=&#8221;on|phone&#8221; background_enable_image_phone=&#8221;off&#8221; global_colors_info=&#8221;{}&#8221; sticky_transition=&#8221;on&#8221;][\/et_pb_slide][\/et_pb_slider][\/et_pb_column][\/et_pb_row][\/et_pb_section][et_pb_section fb_built=&#8221;1&#8243; fullwidth=&#8221;on&#8221; disabled_on=&#8221;off|off|on&#8221; _builder_version=&#8221;4.18.0&#8243; _module_preset=&#8221;default&#8221; min_height=&#8221;300px&#8221; height=&#8221;500px&#8221; max_height=&#8221;1200px&#8221; global_colors_info=&#8221;{}&#8221;][et_pb_fullwidth_slider _builder_version=&#8221;4.18.0&#8243; _module_preset=&#8221;default&#8221; header_level=&#8221;h1&#8243; header_font=&#8221;Times New Roman|800|||||||&#8221; header_font_size=&#8221;50px&#8221; min_height=&#8221;300px&#8221; height=&#8221;500px&#8221; max_height=&#8221;1200px&#8221; global_colors_info=&#8221;{}&#8221;][et_pb_slide heading=&#8221;Sobre nosotros&#8221; button_text_last_edited=&#8221;off|desktop&#8221; _builder_version=&#8221;4.18.0&#8243; _module_preset=&#8221;default&#8221; header_text_align=&#8221;left&#8221; background_enable_color=&#8221;off&#8221; background_image=&#8221;https:\/\/bolsas-persa.com\/wp-content\/uploads\/2022\/09\/Banners_4.png&#8221; background_enable_image=&#8221;on&#8221; global_colors_info=&#8221;{}&#8221; sticky_transition=&#8221;on&#8221;][\/et_pb_slide][\/et_pb_fullwidth_slider][\/et_pb_section][et_pb_section fb_built=&#8221;1&#8243; _builder_version=&#8221;4.17.4&#8243; _module_preset=&#8221;default&#8221; background_color=&#8221;#f5fafd&#8221; custom_padding=&#8221;0px||0px|||&#8221; global_colors_info=&#8221;{}&#8221;][et_pb_row column_structure=&#8221;1_2,1_2&#8243; _builder_version=&#8221;4.17.4&#8243; _module_preset=&#8221;default&#8221; custom_padding=&#8221;55px||55px|||&#8221; global_colors_info=&#8221;{}&#8221;][et_pb_column type=&#8221;1_2&#8243; _builder_version=&#8221;4.17.4&#8243; _module_preset=&#8221;default&#8221; global_colors_info=&#8221;{}&#8221;][et_pb_text content_tablet=&#8221;<\/p>\n<p><span style=\"%22font-size:\" 60px; color: #243746;%22>What<\/span><\/p>\n<p><span style=\"%22font-size:\" 60px; color: #243746;%22>motivates us<\/span><\/p>\n<p>&#8221; content_phone=&#8221;<\/p>\n<p><span style=\"%22font-size:\" 40px; color: #243746;%22>What<br \/><\/span><span style=\"%22color:\" #243746; font-size: 40px;%22>motivates us<\/span><\/p>\n<p>&#8221; content_last_edited=&#8221;on|phone&#8221; _builder_version=&#8221;4.18.0&#8243; _module_preset=&#8221;default&#8221; text_font=&#8221;Times New Roman||||||||&#8221; global_colors_info=&#8221;{}&#8221;]<\/p>\n<p><span style=\"font-size: 60px; color: #243746;\">What<\/span><\/p>\n<p><span style=\"font-size: 60px; color: #243746;\">motivates us<\/span><\/p>\n<p>[\/et_pb_text][\/et_pb_column][et_pb_column type=&#8221;1_2&#8243; _builder_version=&#8221;4.17.4&#8243; _module_preset=&#8221;default&#8221; global_colors_info=&#8221;{}&#8221;][et_pb_text _builder_version=&#8221;4.18.0&#8243; _module_preset=&#8221;default&#8221; global_colors_info=&#8221;{}&#8221;]<\/p>\n<p>Grupo Persa is a family business, 100% Panamanian, with more than 38 years in the market.<\/p>\n<p>Manuel Perez started this business guided by a dream, who continues to run the business today and managed to pass on his passion and interest to his family, who are also involved in the business. <\/p>\n<p>Grupo Persa is passion, dedication and responsibility.<\/p>\n<p>[\/et_pb_text][\/et_pb_column][\/et_pb_row][\/et_pb_section][et_pb_section fb_built=&#8221;1&#8243; _builder_version=&#8221;4.18.0&#8243; _module_preset=&#8221;default&#8221; custom_padding=&#8221;0px||0px|||&#8221; global_colors_info=&#8221;{}&#8221;][et_pb_row _builder_version=&#8221;4.18.0&#8243; _module_preset=&#8221;default&#8221; global_colors_info=&#8221;{}&#8221;][et_pb_column type=&#8221;4_4&#8243; _builder_version=&#8221;4.18.0&#8243; _module_preset=&#8221;default&#8221; global_colors_info=&#8221;{}&#8221;][et_pb_image src=&#8221;https:\/\/bolsas-persa.com\/wp-content\/uploads\/2022\/09\/@paulsmalo-motr-GrupoPersa-Familiares-211209-013-scaled.jpeg&#8221; title_text=&#8221;@paulsmalo-motr-GrupoPersa-Familiares-211209-013&#8243; align=&#8221;center&#8221; _builder_version=&#8221;4.18.0&#8243; _module_preset=&#8221;default&#8221; width=&#8221;100%&#8221; max_width=&#8221;100%&#8221; global_colors_info=&#8221;{}&#8221;][\/et_pb_image][\/et_pb_column][\/et_pb_row][\/et_pb_section][et_pb_section fb_built=&#8221;1&#8243; _builder_version=&#8221;4.17.4&#8243; _module_preset=&#8221;default&#8221; background_color=&#8221;#f5fafd&#8221; custom_padding=&#8221;10px||54px|||&#8221; global_colors_info=&#8221;{}&#8221;][et_pb_row column_structure=&#8221;1_2,1_2&#8243; _builder_version=&#8221;4.17.4&#8243; _module_preset=&#8221;default&#8221; custom_padding=&#8221;||0px|||&#8221; global_colors_info=&#8221;{}&#8221;][et_pb_column type=&#8221;1_2&#8243; _builder_version=&#8221;4.17.4&#8243; _module_preset=&#8221;default&#8221; global_colors_info=&#8221;{}&#8221;][et_pb_text disabled_on=&#8221;on|on|off&#8221; _builder_version=&#8221;4.17.4&#8243; _module_preset=&#8221;default&#8221; text_font=&#8221;Times New Roman||||||||&#8221; global_colors_info=&#8221;{}&#8221;]<span style=\"font-size: 60px; color: #243746;\">meet <\/span><\/p>\n<p><span style=\"font-size: 60px; color: #243746;\">our team<\/span>[\/et_pb_text][et_pb_text disabled_on=&#8221;off|off|on&#8221; _builder_version=&#8221;4.18.0&#8243; _module_preset=&#8221;default&#8221; text_font=&#8221;Times New Roman||||||||&#8221; text_line_height=&#8221;2.3em&#8221; global_colors_info=&#8221;{}&#8221;]<span style=\"font-size: 40px; color: #243746;\">Meet our team<\/span>[\/et_pb_text][\/et_pb_column][et_pb_column type=&#8221;1_2&#8243; _builder_version=&#8221;4.17.4&#8243; _module_preset=&#8221;default&#8221; global_colors_info=&#8221;{}&#8221;][\/et_pb_column][\/et_pb_row][et_pb_row column_structure=&#8221;1_4,3_4&#8243; module_id=&#8221;about-us-carousel-container&#8221; _builder_version=&#8221;4.17.4&#8243; _module_preset=&#8221;default&#8221; custom_padding=&#8221;0px||0px|||&#8221; global_colors_info=&#8221;{}&#8221;][et_pb_column type=&#8221;1_4&#8243; _builder_version=&#8221;4.17.4&#8243; _module_preset=&#8221;default&#8221; global_colors_info=&#8221;{}&#8221;][et_pb_image src=&#8221;https:\/\/bolsas-persa.com\/wp-content\/uploads\/2022\/05\/Screenshot_12.png&#8221; title_text=&#8221;Screenshot_12&#8243; align=&#8221;center&#8221; disabled_on=&#8221;on|on|off&#8221; _builder_version=&#8221;4.17.4&#8243; _module_preset=&#8221;default&#8221; custom_padding=&#8221;||||false|false&#8221; global_colors_info=&#8221;{}&#8221;][\/et_pb_image][\/et_pb_column][et_pb_column type=&#8221;3_4&#8243; _builder_version=&#8221;4.17.4&#8243; _module_preset=&#8221;default&#8221; global_colors_info=&#8221;{}&#8221;][wdcl_image_carousel animation_speed=&#8221;2000ms&#8221; arrow_color=&#8221;#0C71C3&#8243; arrow_bg=&#8221;rgba(255,255,255,0.04)&#8221; icon_left=&#8221;&#x23;||divi||400&#8243; icon_right=&#8221;&#x24;||divi||400&#8243; pagi_color=&#8221;rgba(0,0,0,0)&#8221; disabled_on=&#8221;on|on|off&#8221; module_id=&#8221;plugin-divi-carousel&#8221; _builder_version=&#8221;4.17.4&#8243; _module_preset=&#8221;default&#8221; custom_padding=&#8221;21px|||||&#8221; global_colors_info=&#8221;{}&#8221;][wdcl_image_carousel_child photo=&#8221;https:\/\/bolsas-persa.com\/wp-content\/uploads\/2022\/05\/PSM05159.png&#8221; _builder_version=&#8221;4.17.4&#8243; _module_preset=&#8221;default&#8221; global_colors_info=&#8221;{}&#8221;][\/wdcl_image_carousel_child][wdcl_image_carousel_child photo=&#8221;https:\/\/bolsas-persa.com\/wp-content\/uploads\/2022\/05\/PSM05153.png&#8221; _builder_version=&#8221;4.17.4&#8243; _module_preset=&#8221;default&#8221; global_colors_info=&#8221;{}&#8221;][\/wdcl_image_carousel_child][wdcl_image_carousel_child photo=&#8221;https:\/\/bolsas-persa.com\/wp-content\/uploads\/2022\/05\/PSM05148.png&#8221; _builder_version=&#8221;4.17.4&#8243; _module_preset=&#8221;default&#8221; global_colors_info=&#8221;{}&#8221;][\/wdcl_image_carousel_child][\/wdcl_image_carousel][et_pb_slider disabled_on=&#8221;on|on|on&#8221; module_id=&#8221;conoce-equipo-slider&#8221; _builder_version=&#8221;4.18.0&#8243; _module_preset=&#8221;default&#8221; custom_margin=&#8221;5px|||||&#8221; custom_padding=&#8221;0px|0px|0px|0px||&#8221; disabled=&#8221;on&#8221; global_colors_info=&#8221;{}&#8221;][et_pb_slide _builder_version=&#8221;4.17.4&#8243; _module_preset=&#8221;default&#8221; background_enable_color=&#8221;off&#8221; background_image=&#8221;https:\/\/bolsas-persa.com\/wp-content\/uploads\/2022\/05\/Screenshot_16.png&#8221; background_enable_image=&#8221;on&#8221; custom_css_main_element=&#8221;height: 450px !important;&#8221; global_colors_info=&#8221;{}&#8221; sticky_transition=&#8221;on&#8221;][\/et_pb_slide][et_pb_slide _builder_version=&#8221;4.17.4&#8243; _module_preset=&#8221;default&#8221; background_enable_color=&#8221;off&#8221; background_image=&#8221;https:\/\/bolsas-persa.com\/wp-content\/uploads\/2022\/05\/PSM05148.png&#8221; background_enable_image=&#8221;on&#8221; custom_css_main_element=&#8221;height: 450px !important;&#8221; global_colors_info=&#8221;{}&#8221; sticky_transition=&#8221;on&#8221;][\/et_pb_slide][et_pb_slide _builder_version=&#8221;4.17.4&#8243; _module_preset=&#8221;default&#8221; background_enable_color=&#8221;off&#8221; background_image=&#8221;https:\/\/bolsas-persa.com\/wp-content\/uploads\/2022\/05\/PSM05153.png&#8221; background_enable_image=&#8221;on&#8221; custom_css_main_element=&#8221;height: 450px !important;&#8221; global_colors_info=&#8221;{}&#8221; sticky_transition=&#8221;on&#8221;][\/et_pb_slide][et_pb_slide _builder_version=&#8221;4.17.4&#8243; _module_preset=&#8221;default&#8221; background_enable_color=&#8221;off&#8221; background_image=&#8221;https:\/\/bolsas-persa.com\/wp-content\/uploads\/2022\/05\/PSM05159.png&#8221; background_enable_image=&#8221;on&#8221; custom_css_main_element=&#8221;height: 450px !important;&#8221; global_colors_info=&#8221;{}&#8221; sticky_transition=&#8221;on&#8221;][\/et_pb_slide][\/et_pb_slider][wdcl_image_carousel slide_count=&#8221;1&#8243; disabled_on=&#8221;off|off|on&#8221; _builder_version=&#8221;4.18.0&#8243; _module_preset=&#8221;default&#8221; min_height=&#8221;100px&#8221; height=&#8221;450px&#8221; max_height=&#8221;500px&#8221; global_colors_info=&#8221;{}&#8221;][wdcl_image_carousel_child photo=&#8221;https:\/\/bolsas-persa.com\/wp-content\/uploads\/2022\/05\/Screenshot_16.png&#8221; _builder_version=&#8221;4.18.0&#8243; _module_preset=&#8221;default&#8221; global_colors_info=&#8221;{}&#8221;][\/wdcl_image_carousel_child][wdcl_image_carousel_child photo=&#8221;https:\/\/bolsas-persa.com\/wp-content\/uploads\/2022\/05\/PSM05148.png&#8221; _builder_version=&#8221;4.18.0&#8243; _module_preset=&#8221;default&#8221; global_colors_info=&#8221;{}&#8221;][\/wdcl_image_carousel_child][wdcl_image_carousel_child photo=&#8221;https:\/\/bolsas-persa.com\/wp-content\/uploads\/2022\/05\/PSM05153.png&#8221; _builder_version=&#8221;4.18.0&#8243; _module_preset=&#8221;default&#8221; global_colors_info=&#8221;{}&#8221;][\/wdcl_image_carousel_child][wdcl_image_carousel_child photo=&#8221;https:\/\/bolsas-persa.com\/wp-content\/uploads\/2022\/05\/PSM05159.png&#8221; _builder_version=&#8221;4.18.0&#8243; _module_preset=&#8221;default&#8221; global_colors_info=&#8221;{}&#8221;][\/wdcl_image_carousel_child][\/wdcl_image_carousel][wdcl_image_carousel _builder_version=&#8221;4.18.0&#8243; _module_preset=&#8221;default&#8221; global_colors_info=&#8221;{}&#8221;][\/wdcl_image_carousel][\/et_pb_column][\/et_pb_row][\/et_pb_section][et_pb_section fb_built=&#8221;1&#8243; disabled_on=&#8221;on|on|off&#8221; module_id=&#8221;about-cotiza-bolsa-container&#8221; _builder_version=&#8221;4.17.4&#8243; _module_preset=&#8221;default&#8221; custom_padding=&#8221;0px||0px|||&#8221; custom_css_main_element=&#8221;height: calc(100vh &#8211; 250px);&#8221; global_colors_info=&#8221;{}&#8221;][et_pb_row column_structure=&#8221;1_2,1_2&#8243; use_custom_gutter=&#8221;on&#8221; gutter_width=&#8221;1&#8243; make_equal=&#8221;on&#8221; _builder_version=&#8221;4.17.4&#8243; _module_preset=&#8221;default&#8221; width=&#8221;100%&#8221; max_width=&#8221;2560px&#8221; height=&#8221;480px&#8221; custom_padding=&#8221;0px||0px|||&#8221; global_colors_info=&#8221;{}&#8221;][et_pb_column type=&#8221;1_2&#8243; module_class=&#8221;cotiza-info-button&#8221; _builder_version=&#8221;4.17.4&#8243; _module_preset=&#8221;default&#8221; background_image=&#8221;https:\/\/bolsas-persa.com\/wp-content\/uploads\/2022\/06\/Recurso-12-100.jpg&#8221; custom_css_main_element=&#8221;height: calc(100vh &#8211; 250px);&#8221; global_colors_info=&#8221;{}&#8221;][et_pb_button button_url=&#8221;@ET-DC@eyJkeW5hbWljIjp0cnVlLCJjb250ZW50IjoicG9zdF9saW5rX3VybF9wYWdlIiwic2V0dGluZ3MiOnsicG9zdF9pZCI6Ijc0OTkifX0=@&#8221; button_text=&#8221;Cotiza tu bolsa&#8221; button_alignment=&#8221;center&#8221; _builder_version=&#8221;4.17.6&#8243; _dynamic_attributes=&#8221;button_url&#8221; _module_preset=&#8221;default&#8221; custom_button=&#8221;on&#8221; button_text_size=&#8221;25px&#8221; button_text_color=&#8221;#ffb71c&#8221; button_bg_color=&#8221;#243746&#8243; button_border_width=&#8221;0px&#8221; button_border_radius=&#8221;5px&#8221; button_use_icon=&#8221;off&#8221; custom_padding=&#8221;0px|60px|0px|60px|true|true&#8221; button_text_size_tablet=&#8221;25px&#8221; button_text_size_phone=&#8221;25px&#8221; button_text_size_last_edited=&#8221;on|desktop&#8221; global_colors_info=&#8221;{}&#8221;][\/et_pb_button][\/et_pb_column][et_pb_column type=&#8221;1_2&#8243; module_class=&#8221;cotiza-info-button&#8221; _builder_version=&#8221;4.17.4&#8243; _module_preset=&#8221;default&#8221; background_image=&#8221;https:\/\/bolsas-persa.com\/wp-content\/uploads\/2022\/06\/Recurso-13-100.jpg&#8221; custom_css_main_element=&#8221;height: calc(100vh &#8211; 250px);&#8221; global_colors_info=&#8221;{}&#8221;][et_pb_button button_url=&#8221;\/branding\/&#8221; button_text=&#8221;Cotiza tu branding&#8221; button_alignment=&#8221;center&#8221; _builder_version=&#8221;4.18.0&#8243; _module_preset=&#8221;default&#8221; custom_button=&#8221;on&#8221; button_text_size=&#8221;25px&#8221; button_text_color=&#8221;#ffb71c&#8221; button_bg_color=&#8221;#243746&#8243; button_border_width=&#8221;0px&#8221; button_border_radius=&#8221;5px&#8221; button_use_icon=&#8221;off&#8221; custom_padding=&#8221;0px|60px|0px|60px|true|true&#8221; button_text_size_tablet=&#8221;25px&#8221; button_text_size_phone=&#8221;25px&#8221; button_text_size_last_edited=&#8221;on|desktop&#8221; global_colors_info=&#8221;{}&#8221;][\/et_pb_button][\/et_pb_column][\/et_pb_row][\/et_pb_section][et_pb_section fb_built=&#8221;1&#8243; disabled_on=&#8221;off|off|on&#8221; _builder_version=&#8221;4.18.0&#8243; _module_preset=&#8221;default&#8221; custom_padding=&#8221;0px||0px|||&#8221; global_colors_info=&#8221;{}&#8221;][et_pb_row column_structure=&#8221;1_2,1_2&#8243; use_custom_gutter=&#8221;on&#8221; gutter_width=&#8221;1&#8243; make_equal=&#8221;on&#8221; _builder_version=&#8221;4.18.0&#8243; _module_preset=&#8221;default&#8221; width=&#8221;100%&#8221; max_width=&#8221;100%&#8221; custom_padding=&#8221;0px||0px|||&#8221; global_colors_info=&#8221;{}&#8221;][et_pb_column type=&#8221;1_2&#8243; _builder_version=&#8221;4.18.0&#8243; _module_preset=&#8221;default&#8221; hover_enabled=&#8221;0&#8243; global_colors_info=&#8221;{}&#8221; sticky_enabled=&#8221;0&#8243;][et_pb_image src=&#8221;https:\/\/bolsas-persa.com\/wp-content\/uploads\/2022\/10\/cotiza1.png&#8221; title_text=&#8221;cotiza1&#8243; url=&#8221;\/cotiza\/&#8221; align=&#8221;center&#8221; _builder_version=&#8221;4.18.0&#8243; _module_preset=&#8221;default&#8221; hover_enabled=&#8221;0&#8243; global_colors_info=&#8221;{}&#8221; sticky_enabled=&#8221;0&#8243;][\/et_pb_image][\/et_pb_column][et_pb_column type=&#8221;1_2&#8243; _builder_version=&#8221;4.18.0&#8243; _module_preset=&#8221;default&#8221; global_colors_info=&#8221;{}&#8221;][et_pb_image src=&#8221;https:\/\/bolsas-persa.com\/wp-content\/uploads\/2022\/10\/cotiza2.png&#8221; title_text=&#8221;cotiza2&#8243; url=&#8221;\/branding\/&#8221; align=&#8221;center&#8221; _builder_version=&#8221;4.18.0&#8243; _module_preset=&#8221;default&#8221; global_colors_info=&#8221;{}&#8221;][\/et_pb_image][\/et_pb_column][\/et_pb_row][\/et_pb_section]<\/p>","protected":false},"excerpt":{"rendered":"<p>Lo que nos motivaGrupo Persa es una empresa familiar, 100% paname\u00f1a, con m\u00e1s de 38 a\u00f1os en el mercado. Comenz\u00f3 con el sue\u00f1o de Manuel P\u00e9rez, quien hoy en d\u00eda sigue manejando el negocio y logr\u00f3 transmitir su pasi\u00f3n e inter\u00e9s a su familia, quienes tambi\u00e9n est\u00e1n involucrados con el negocio. Grupo Persa es pasi\u00f3n, [&hellip;]<\/p>","protected":false},"author":4,"featured_media":0,"parent":0,"menu_order":0,"comment_status":"closed","ping_status":"closed","template":"","meta":{"_et_pb_use_builder":"on","_et_pb_old_content":"","_et_gb_content_width":"","footnotes":""},"class_list":["post-7388","page","type-page","status-publish","hentry"],"yoast_head":"<!-- This site is optimized with the Yoast SEO plugin v23.3 - https:\/\/yoast.com\/wordpress\/plugins\/seo\/ -->\n<title>Sobre nosotros - Grupo-Persa<\/title>\n<meta name=\"robots\" content=\"index, follow, max-snippet:-1, max-image-preview:large, max-video-preview:-1\" \/>\n<link rel=\"canonical\" href=\"https:\/\/bolsas-persa.com\/en\/sobre-nosotros\/\" \/>\n<meta property=\"og:locale\" content=\"en_US\" \/>\n<meta property=\"og:type\" content=\"article\" \/>\n<meta property=\"og:title\" content=\"Sobre nosotros - Grupo-Persa\" \/>\n<meta property=\"og:description\" content=\"Lo que nos motivaGrupo Persa es una empresa familiar, 100% paname\u00f1a, con m\u00e1s de 38 a\u00f1os en el mercado. Comenz\u00f3 con el sue\u00f1o de Manuel P\u00e9rez, quien hoy en d\u00eda sigue manejando el negocio y logr\u00f3 transmitir su pasi\u00f3n e inter\u00e9s a su familia, quienes tambi\u00e9n est\u00e1n involucrados con el negocio. Grupo Persa es pasi\u00f3n, [&hellip;]\" \/>\n<meta property=\"og:url\" content=\"https:\/\/bolsas-persa.com\/en\/sobre-nosotros\/\" \/>\n<meta property=\"og:site_name\" content=\"Grupo-Persa\" \/>\n<meta property=\"article:publisher\" content=\"https:\/\/www.facebook.com\/Grupo-Persa-315848122330782\" \/>\n<meta property=\"article:modified_time\" content=\"2022-10-19T04:16:50+00:00\" \/>\n<meta name=\"twitter:card\" content=\"summary_large_image\" \/>\n<meta name=\"twitter:label1\" content=\"Est. reading time\" \/>\n\t<meta name=\"twitter:data1\" content=\"9 minutes\" \/>\n<script type=\"application\/ld+json\" class=\"yoast-schema-graph\">{\"@context\":\"https:\/\/schema.org\",\"@graph\":[{\"@type\":\"WebPage\",\"@id\":\"https:\/\/bolsas-persa.com\/sobre-nosotros\/\",\"url\":\"https:\/\/bolsas-persa.com\/sobre-nosotros\/\",\"name\":\"Sobre nosotros - Grupo-Persa\",\"isPartOf\":{\"@id\":\"https:\/\/bolsas-persa.com\/#website\"},\"datePublished\":\"2022-05-16T18:45:07+00:00\",\"dateModified\":\"2022-10-19T04:16:50+00:00\",\"breadcrumb\":{\"@id\":\"https:\/\/bolsas-persa.com\/sobre-nosotros\/#breadcrumb\"},\"inLanguage\":\"en-US\",\"potentialAction\":[{\"@type\":\"ReadAction\",\"target\":[\"https:\/\/bolsas-persa.com\/sobre-nosotros\/\"]}]},{\"@type\":\"BreadcrumbList\",\"@id\":\"https:\/\/bolsas-persa.com\/sobre-nosotros\/#breadcrumb\",\"itemListElement\":[{\"@type\":\"ListItem\",\"position\":1,\"name\":\"Portada\",\"item\":\"https:\/\/bolsas-persa.com\/\"},{\"@type\":\"ListItem\",\"position\":2,\"name\":\"Sobre nosotros\"}]},{\"@type\":\"WebSite\",\"@id\":\"https:\/\/bolsas-persa.com\/#website\",\"url\":\"https:\/\/bolsas-persa.com\/\",\"name\":\"Bolsas Persa\",\"description\":\"\",\"publisher\":{\"@id\":\"https:\/\/bolsas-persa.com\/#organization\"},\"alternateName\":\"Grupo Persa\",\"potentialAction\":[{\"@type\":\"SearchAction\",\"target\":{\"@type\":\"EntryPoint\",\"urlTemplate\":\"https:\/\/bolsas-persa.com\/?s={search_term_string}\"},\"query-input\":\"required name=search_term_string\"}],\"inLanguage\":\"en-US\"},{\"@type\":\"Organization\",\"@id\":\"https:\/\/bolsas-persa.com\/#organization\",\"name\":\"Bolsas Persas\",\"alternateName\":\"Grupo Persa\",\"url\":\"https:\/\/bolsas-persa.com\/\",\"logo\":{\"@type\":\"ImageObject\",\"inLanguage\":\"en-US\",\"@id\":\"https:\/\/bolsas-persa.com\/#\/schema\/logo\/image\/\",\"url\":\"https:\/\/bolsas-persa.com\/wp-content\/uploads\/2022\/05\/Logo_01.png\",\"contentUrl\":\"https:\/\/bolsas-persa.com\/wp-content\/uploads\/2022\/05\/Logo_01.png\",\"width\":660,\"height\":210,\"caption\":\"Bolsas Persas\"},\"image\":{\"@id\":\"https:\/\/bolsas-persa.com\/#\/schema\/logo\/image\/\"},\"sameAs\":[\"https:\/\/www.facebook.com\/Grupo-Persa-315848122330782\",\"https:\/\/www.instagram.com\/grupo.persa\/\"]}]}<\/script>\n<!-- \/ Yoast SEO plugin. -->","yoast_head_json":{"title":"Sobre nosotros - Grupo-Persa","robots":{"index":"index","follow":"follow","max-snippet":"max-snippet:-1","max-image-preview":"max-image-preview:large","max-video-preview":"max-video-preview:-1"},"canonical":"https:\/\/bolsas-persa.com\/en\/sobre-nosotros\/","og_locale":"en_US","og_type":"article","og_title":"Sobre nosotros - Grupo-Persa","og_description":"Lo que nos motivaGrupo Persa es una empresa familiar, 100% paname\u00f1a, con m\u00e1s de 38 a\u00f1os en el mercado. Comenz\u00f3 con el sue\u00f1o de Manuel P\u00e9rez, quien hoy en d\u00eda sigue manejando el negocio y logr\u00f3 transmitir su pasi\u00f3n e inter\u00e9s a su familia, quienes tambi\u00e9n est\u00e1n involucrados con el negocio. Grupo Persa es pasi\u00f3n, [&hellip;]","og_url":"https:\/\/bolsas-persa.com\/en\/sobre-nosotros\/","og_site_name":"Grupo-Persa","article_publisher":"https:\/\/www.facebook.com\/Grupo-Persa-315848122330782","article_modified_time":"2022-10-19T04:16:50+00:00","twitter_card":"summary_large_image","twitter_misc":{"Est. reading time":"9 minutes"},"schema":{"@context":"https:\/\/schema.org","@graph":[{"@type":"WebPage","@id":"https:\/\/bolsas-persa.com\/sobre-nosotros\/","url":"https:\/\/bolsas-persa.com\/sobre-nosotros\/","name":"Sobre nosotros - Grupo-Persa","isPartOf":{"@id":"https:\/\/bolsas-persa.com\/#website"},"datePublished":"2022-05-16T18:45:07+00:00","dateModified":"2022-10-19T04:16:50+00:00","breadcrumb":{"@id":"https:\/\/bolsas-persa.com\/sobre-nosotros\/#breadcrumb"},"inLanguage":"en-US","potentialAction":[{"@type":"ReadAction","target":["https:\/\/bolsas-persa.com\/sobre-nosotros\/"]}]},{"@type":"BreadcrumbList","@id":"https:\/\/bolsas-persa.com\/sobre-nosotros\/#breadcrumb","itemListElement":[{"@type":"ListItem","position":1,"name":"Portada","item":"https:\/\/bolsas-persa.com\/"},{"@type":"ListItem","position":2,"name":"Sobre nosotros"}]},{"@type":"WebSite","@id":"https:\/\/bolsas-persa.com\/#website","url":"https:\/\/bolsas-persa.com\/","name":"Bolsas Persa","description":"","publisher":{"@id":"https:\/\/bolsas-persa.com\/#organization"},"alternateName":"Grupo Persa","potentialAction":[{"@type":"SearchAction","target":{"@type":"EntryPoint","urlTemplate":"https:\/\/bolsas-persa.com\/?s={search_term_string}"},"query-input":"required name=search_term_string"}],"inLanguage":"en-US"},{"@type":"Organization","@id":"https:\/\/bolsas-persa.com\/#organization","name":"Bolsas Persas","alternateName":"Grupo Persa","url":"https:\/\/bolsas-persa.com\/","logo":{"@type":"ImageObject","inLanguage":"en-US","@id":"https:\/\/bolsas-persa.com\/#\/schema\/logo\/image\/","url":"https:\/\/bolsas-persa.com\/wp-content\/uploads\/2022\/05\/Logo_01.png","contentUrl":"https:\/\/bolsas-persa.com\/wp-content\/uploads\/2022\/05\/Logo_01.png","width":660,"height":210,"caption":"Bolsas Persas"},"image":{"@id":"https:\/\/bolsas-persa.com\/#\/schema\/logo\/image\/"},"sameAs":["https:\/\/www.facebook.com\/Grupo-Persa-315848122330782","https:\/\/www.instagram.com\/grupo.persa\/"]}]}},"_links":{"self":[{"href":"https:\/\/bolsas-persa.com\/en\/wp-json\/wp\/v2\/pages\/7388"}],"collection":[{"href":"https:\/\/bolsas-persa.com\/en\/wp-json\/wp\/v2\/pages"}],"about":[{"href":"https:\/\/bolsas-persa.com\/en\/wp-json\/wp\/v2\/types\/page"}],"author":[{"embeddable":true,"href":"https:\/\/bolsas-persa.com\/en\/wp-json\/wp\/v2\/users\/4"}],"replies":[{"embeddable":true,"href":"https:\/\/bolsas-persa.com\/en\/wp-json\/wp\/v2\/comments?post=7388"}],"version-history":[{"count":113,"href":"https:\/\/bolsas-persa.com\/en\/wp-json\/wp\/v2\/pages\/7388\/revisions"}],"predecessor-version":[{"id":8750,"href":"https:\/\/bolsas-persa.com\/en\/wp-json\/wp\/v2\/pages\/7388\/revisions\/8750"}],"wp:attachment":[{"href":"https:\/\/bolsas-persa.com\/en\/wp-json\/wp\/v2\/media?parent=7388"}],"curies":[{"name":"wp","href":"https:\/\/api.w.org\/{rel}","templated":true}]}}